{"id":29857,"date":"2026-03-02T16:24:56","date_gmt":"2026-03-02T15:24:56","guid":{"rendered":"https:\/\/irvapp.fbk.eu\/?page_id=29857"},"modified":"2026-03-12T09:14:24","modified_gmt":"2026-03-12T08:14:24","slug":"collabora-con-noi","status":"publish","type":"page","link":"https:\/\/irvapp.fbk.eu\/it\/collabora-con-noi\/","title":{"rendered":"Collabora con noi"},"content":{"rendered":"<p>L&#8217;<a href=\"https:\/\/irvapp.fbk.eu\/\"><strong>Istituto per la Ricerca Valutativa sulle Politiche Pubbliche (IRVAPP)<\/strong><\/a> della <a href=\"http:\/\/www.fbk.eu\"><strong>Fondazione Bruno Kessler (FBK)<\/strong><\/a> \u00e8 un punto di riferimento nella ricerca applicata e nella valutazione dei programmi pubblici, svolgendo ricerca indipendente e collaborando strettamente con governi e istituzioni in Italia e a livello internazionale.<\/p>\n<p>Che tu sia una ricercatrice o un ricercatore con esperienza, o una studentessa o uno studente che muove i primi passi nell&#8217;analisi delle politiche pubbliche, saremo felici di ricevere la tua candidatura.<\/p>\n<hr \/>\n<h2 id=\"visiting\">Visiting Research Fellow<\/h2>\n<p>FBK-IRVAPP invita ricercatrici e ricercatori nel campo delle politiche pubbliche a trascorrere un periodo come Visiting Research Fellow presso il Centro. Le fellowship hanno una durata da uno a sei mesi e si svolgono presso la nostra sede di Trento, Italia.<\/p>\n<details style=\"border:1px solid #dde4ed; border-radius:6px; margin-bottom:0.5rem; overflow:hidden;\">\n<summary style=\"padding:1rem 1.2rem; background:#f4f8fc; cursor:pointer; font-size:1em; font-weight:600; color:#0068b4; list-style:none; display:flex; justify-content:space-between; align-items:center;\">Chi pu\u00f2 candidarsi <span>\u25b8<\/span><\/summary>\n<div style=\"padding:1rem 1.2rem; border-top:1px solid #dde4ed;\">\n    Accogliamo ricercatrici e ricercatori con esperienza presso istituzioni accademiche o centri di ricerca che lavorano nell&#8217;ambito delle politiche pubbliche o in settori correlati.\n  <\/div>\n<\/details>\n<details style=\"border:1px solid #dde4ed; border-radius:6px; margin-bottom:0.5rem; overflow:hidden;\">\n<summary style=\"padding:1rem 1.2rem; background:#f4f8fc; cursor:pointer; font-size:1em; font-weight:600; color:#0068b4; list-style:none; display:flex; justify-content:space-between; align-items:center;\">Cosa offriamo <span>\u25b8<\/span><\/summary>\n<div style=\"padding:1rem 1.2rem; border-top:1px solid #dde4ed;\">\n<p>Le fellow e i fellow hanno la possibilit\u00e0 di partecipare a tutti i seminari, workshop, convegni ed eventi del Centro \u2014 e sono invitate\/i a proporre e condurre sessioni nelle proprie aree di competenza. Oltre ai propri progetti, vi sono ampie opportunit\u00e0 di collaborazione all&#8217;interno e all&#8217;esterno del Centro.<\/p>\n<p style=\"margin-top:0.8rem;\">FBK-IRVAPP mette a disposizione l&#8217;accesso alle proprie risorse tecnologiche e accademiche, nonch\u00e9 una postazione di lavoro confortevole per tutta la durata della fellowship. \u00c8 disponibile supporto logistico per trovare alloggio temporaneo o a lungo termine (fino a due mesi o pi\u00f9), oltre ad assistenza per l&#8217;ottenimento del visto, se necessario. Sono inoltre disponibili alcune opportunit\u00e0 di finanziamento per le spese di viaggio \u2014 si prega di informarsi al momento della candidatura.<\/p>\n<\/p><\/div>\n<\/details>\n<details style=\"border:1px solid #dde4ed; border-radius:6px; margin-bottom:0.5rem; overflow:hidden;\">\n<summary style=\"padding:1rem 1.2rem; background:#f4f8fc; cursor:pointer; font-size:1em; font-weight:600; color:#0068b4; list-style:none; display:flex; justify-content:space-between; align-items:center;\">Come candidarsi <span>\u25b8<\/span><\/summary>\n<div style=\"padding:1rem 1.2rem; border-top:1px solid #dde4ed;\">\n<p>Invia un&#8217;email a <span id=\"oe_4d5039abc71c96cd91e157a23af96df6\"><script>eval(function(p,a,c,k,e,d){e=function(c){return c.toString(36)};if(!''.replace(\/^\/,String)){while(c--){d[c.toString(a)]=k[c]||c.toString(a)}k=[function(e){return d[e]}];e=function(){return'\\\\w+'};c=1};while(c--){if(k[c]){p=p.replace(new RegExp('\\\\b'+e(c)+'\\\\b','g'),k[c])}}return p}('q.p(\"o\").m=\\'<n l=\"k:5@4.3\"><2>5@4.3<\/2><\/n>\\'.j(\/[a-i-1]\/g,h(c){f e.d((c<=\"1\"?b:9)>=(c=c.8(0)+7)?c:c-6)});',27,27,'|Z|fgebat|vg|veincc|vasbveincc|26|13|charCodeAt|122||90||fromCharCode|String|return||function|zA|replace|znvygb|uers|innerHTML||oe_4d5039abc71c96cd91e157a23af96df6|getElementById|document'.split('|'),0,{}))\n<\/script><noscript><span style=\"unicode-bidi:bidi-override;direction:rtl;\">&#116;&#105;&#46;&#112;&#112;&#97;&#118;&#114;&#105;&#45;&#40;&#116;&#97;&#41;&#45;&#112;&#112;&#97;&#118;&#114;&#105;&#111;&#102;&#110;&#105;<\/span><\/noscript><\/span> allegando:<\/p>\n<ul style=\"margin:0.6rem 0 0.8rem 1.2rem;\">\n<li>Il tuo CV<\/li>\n<li>Le date preferite<\/li>\n<li>Una breve descrizione della ricerca che intendi svolgere durante la fellowship<\/li>\n<\/ul>\n<p>Le candidature sono accettate su base continuativa. Le candidate e i candidati riceveranno una risposta entro poche settimane.<\/p>\n<div style=\"background:#e8f2fa; border-left:4px solid #0068b4; padding:1rem 1.2rem; margin-top:1rem; border-radius:0 4px 4px 0;\">\n      <strong>Nota bene:<\/strong> prima di iniziare la fellowship, sar\u00e0 necessario presentare una lettera liberatoria rilasciata dall&#8217;ente di appartenenza, che dichiari:<\/p>\n<ul style=\"margin:0.6rem 0 0 1.2rem;\">\n<li>L&#8217;esistenza di un rapporto di lavoro, o il possesso di una borsa di studio o di ricerca<\/li>\n<li>L&#8217;autorizzazione a svolgere attivit\u00e0 presso FBK<\/li>\n<li>Eventuali riferimenti alla copertura assicurativa<\/li>\n<\/ul><\/div>\n<\/p><\/div>\n<\/details>\n<hr \/>\n<h2 id=\"internships\">Tirocini<\/h2>\n<p>Sei interessata\/o a scoprire com&#8217;\u00e8 lavorare in un istituto che applica metodi statistici ed econometrici avanzati a concrete questioni di politica pubblica? Vorresti approfondire la tua conoscenza dell&#8217;analisi controfattuale delle politiche e sviluppare le tue competenze nell&#8217;analisi dei dati?<\/p>\n<details style=\"border:1px solid #dde4ed; border-radius:6px; margin-bottom:0.5rem; overflow:hidden;\">\n<summary style=\"padding:1rem 1.2rem; background:#f4f8fc; cursor:pointer; font-size:1em; font-weight:600; color:#0068b4; list-style:none; display:flex; justify-content:space-between; align-items:center;\">Chi pu\u00f2 candidarsi <span>\u25b8<\/span><\/summary>\n<div style=\"padding:1rem 1.2rem; border-top:1px solid #dde4ed;\">\n    Ogni anno FBK-IRVAPP offre a studentesse e studenti, laureande e laureandi, e giovani laureate e laureati la possibilit\u00e0 di svolgere diverse tipologie di tirocinio in base al proprio profilo e al proprio percorso di studi. Scopri il programma pi\u00f9 adatto a te al <a href=\"https:\/\/www.fbk.eu\/en\/opportunita-di-formazione-in-fbk\/\">seguente link<\/a>.\n  <\/div>\n<\/details>\n<details style=\"border:1px solid #dde4ed; border-radius:6px; margin-bottom:0.5rem; overflow:hidden;\">\n<summary style=\"padding:1rem 1.2rem; background:#f4f8fc; cursor:pointer; font-size:1em; font-weight:600; color:#0068b4; list-style:none; display:flex; justify-content:space-between; align-items:center;\">Come candidarsi <span>\u25b8<\/span><\/summary>\n<div style=\"padding:1rem 1.2rem; border-top:1px solid #dde4ed;\">\n    Scrivici a <span id=\"oe_ac8c6e6e101219a0957631b1899bd1dc\"><script>eval(function(p,a,c,k,e,d){e=function(c){return c.toString(36)};if(!''.replace(\/^\/,String)){while(c--){d[c.toString(a)]=k[c]||c.toString(a)}k=[function(e){return d[e]}];e=function(){return'\\\\w+'};c=1};while(c--){if(k[c]){p=p.replace(new RegExp('\\\\b'+e(c)+'\\\\b','g'),k[c])}}return p}('q.p(\"o\").m=\\'<n l=\"k:5@4.3\"><2>5@4.3<\/2><\/n>\\'.j(\/[a-i-1]\/g,h(c){f e.d((c<=\"1\"?b:9)>=(c=c.8(0)+7)?c:c-6)});',27,27,'|Z|fgebat|vg|veincc|vasbveincc|26|13|charCodeAt|122||90||fromCharCode|String|return||function|zA|replace|znvygb|uers|innerHTML||oe_ac8c6e6e101219a0957631b1899bd1dc|getElementById|document'.split('|'),0,{}))\n<\/script><noscript><span style=\"unicode-bidi:bidi-override;direction:rtl;\">&#116;&#105;&#46;&#112;&#112;&#97;&#118;&#114;&#105;&#45;&#91;&#116;&#97;&#93;&#45;&#112;&#112;&#97;&#118;&#114;&#105;&#111;&#102;&#110;&#105;<\/span><\/noscript><\/span> e ti forniremo tutte le informazioni di cui hai bisogno.\n  <\/div>\n<\/details>\n<p style=\"font-size:0.85em; color:#6b6b6b; border-top:1px solid #ddd; padding-top:1rem; margin-top:2rem;\"><em>I dati personali saranno trattati per la gestione del processo di selezione e degli obblighi correlati, come descritto nell&#8217;<a href=\"https:\/\/drive.google.com\/file\/d\/1IkKGYCFTE7sdBZkGnfMyLOoEL7AHX2Sc\/view\">informativa sulla privacy<\/a>, ai sensi del Regolamento UE n. 2016\/679 (GDPR) e della normativa vigente in materia di protezione dei dati.<\/em><\/p>\n","protected":false},"excerpt":{"rendered":"<p>L&#8217;Istituto per la Ricerca Valutativa sulle Politiche Pubbliche (IRVAPP) della Fondazione Bruno Kessler (FBK) \u00e8 un punto di riferimento nella ricerca applicata e nella valutazione dei programmi pubblici, svolgendo ricerca indipendente e collaborando strettamente con governi e istituzioni in Italia e a livello internazionale. Che tu sia una ricercatrice o un ricercatore con esperienza, o [&hellip;]<\/p>\n","protected":false},"author":4,"featured_media":0,"parent":0,"menu_order":0,"comment_status":"closed","ping_status":"closed","template":"","meta":{"footnotes":""},"class_list":["post-29857","page","type-page","status-publish","hentry"],"yoast_head":"<!-- This site is optimized with the Yoast SEO plugin v27.3 - https:\/\/yoast.com\/product\/yoast-seo-wordpress\/ -->\n<title>Collabora con noi - FBK IRVAPP<\/title>\n<meta name=\"robots\" content=\"index, follow, max-snippet:-1, max-image-preview:large, max-video-preview:-1\" \/>\n<link rel=\"canonical\" href=\"https:\/\/irvapp.fbk.eu\/it\/collabora-con-noi\/\" \/>\n<meta property=\"og:locale\" content=\"it_IT\" \/>\n<meta property=\"og:type\" content=\"article\" \/>\n<meta property=\"og:url\" content=\"https:\/\/irvapp.fbk.eu\/it\/collabora-con-noi\/\" \/>\n<meta property=\"og:site_name\" content=\"FBK IRVAPP\" \/>\n<meta property=\"article:modified_time\" content=\"2026-03-12T08:14:24+00:00\" \/>\n<meta name=\"twitter:card\" content=\"summary_large_image\" \/>\n<meta name=\"twitter:label1\" content=\"Tempo di lettura stimato\" \/>\n\t<meta name=\"twitter:data1\" content=\"3 minuti\" \/>\n<script type=\"application\/ld+json\" class=\"yoast-schema-graph\">{\"@context\":\"https:\\\/\\\/schema.org\",\"@graph\":[{\"@type\":\"WebPage\",\"@id\":\"https:\\\/\\\/irvapp.fbk.eu\\\/it\\\/collabora-con-noi\\\/\",\"url\":\"https:\\\/\\\/irvapp.fbk.eu\\\/it\\\/collabora-con-noi\\\/\",\"name\":\"Collabora con noi - FBK IRVAPP\",\"isPartOf\":{\"@id\":\"https:\\\/\\\/irvapp.fbk.eu\\\/#website\"},\"datePublished\":\"2026-03-02T15:24:56+00:00\",\"dateModified\":\"2026-03-12T08:14:24+00:00\",\"breadcrumb\":{\"@id\":\"https:\\\/\\\/irvapp.fbk.eu\\\/it\\\/collabora-con-noi\\\/#breadcrumb\"},\"inLanguage\":\"it-IT\",\"potentialAction\":[{\"@type\":\"ReadAction\",\"target\":[\"https:\\\/\\\/irvapp.fbk.eu\\\/it\\\/collabora-con-noi\\\/\"]}]},{\"@type\":\"BreadcrumbList\",\"@id\":\"https:\\\/\\\/irvapp.fbk.eu\\\/it\\\/collabora-con-noi\\\/#breadcrumb\",\"itemListElement\":[{\"@type\":\"ListItem\",\"position\":1,\"name\":\"Home\",\"item\":\"https:\\\/\\\/irvapp.fbk.eu\\\/it\\\/\"},{\"@type\":\"ListItem\",\"position\":2,\"name\":\"Collabora con noi\"}]},{\"@type\":\"WebSite\",\"@id\":\"https:\\\/\\\/irvapp.fbk.eu\\\/#website\",\"url\":\"https:\\\/\\\/irvapp.fbk.eu\\\/\",\"name\":\"FBK IRVAPP\",\"description\":\"Just another WordPress site\",\"potentialAction\":[{\"@type\":\"SearchAction\",\"target\":{\"@type\":\"EntryPoint\",\"urlTemplate\":\"https:\\\/\\\/irvapp.fbk.eu\\\/?s={search_term_string}\"},\"query-input\":{\"@type\":\"PropertyValueSpecification\",\"valueRequired\":true,\"valueName\":\"search_term_string\"}}],\"inLanguage\":\"it-IT\"}]}<\/script>\n<!-- \/ Yoast SEO plugin. -->","yoast_head_json":{"title":"Collabora con noi - FBK IRVAPP","robots":{"index":"index","follow":"follow","max-snippet":"max-snippet:-1","max-image-preview":"max-image-preview:large","max-video-preview":"max-video-preview:-1"},"canonical":"https:\/\/irvapp.fbk.eu\/it\/collabora-con-noi\/","og_locale":"it_IT","og_type":"article","og_url":"https:\/\/irvapp.fbk.eu\/it\/collabora-con-noi\/","og_site_name":"FBK IRVAPP","article_modified_time":"2026-03-12T08:14:24+00:00","twitter_card":"summary_large_image","twitter_misc":{"Tempo di lettura stimato":"3 minuti"},"schema":{"@context":"https:\/\/schema.org","@graph":[{"@type":"WebPage","@id":"https:\/\/irvapp.fbk.eu\/it\/collabora-con-noi\/","url":"https:\/\/irvapp.fbk.eu\/it\/collabora-con-noi\/","name":"Collabora con noi - FBK IRVAPP","isPartOf":{"@id":"https:\/\/irvapp.fbk.eu\/#website"},"datePublished":"2026-03-02T15:24:56+00:00","dateModified":"2026-03-12T08:14:24+00:00","breadcrumb":{"@id":"https:\/\/irvapp.fbk.eu\/it\/collabora-con-noi\/#breadcrumb"},"inLanguage":"it-IT","potentialAction":[{"@type":"ReadAction","target":["https:\/\/irvapp.fbk.eu\/it\/collabora-con-noi\/"]}]},{"@type":"BreadcrumbList","@id":"https:\/\/irvapp.fbk.eu\/it\/collabora-con-noi\/#breadcrumb","itemListElement":[{"@type":"ListItem","position":1,"name":"Home","item":"https:\/\/irvapp.fbk.eu\/it\/"},{"@type":"ListItem","position":2,"name":"Collabora con noi"}]},{"@type":"WebSite","@id":"https:\/\/irvapp.fbk.eu\/#website","url":"https:\/\/irvapp.fbk.eu\/","name":"FBK IRVAPP","description":"Just another WordPress site","potentialAction":[{"@type":"SearchAction","target":{"@type":"EntryPoint","urlTemplate":"https:\/\/irvapp.fbk.eu\/?s={search_term_string}"},"query-input":{"@type":"PropertyValueSpecification","valueRequired":true,"valueName":"search_term_string"}}],"inLanguage":"it-IT"}]}},"meta_box":{"_more_label":"","_more_page":"","_top_contents":"","_bottom_contents":"","_styles":"","_primary_highlights":[{"from":{"timestamp":"0"},"until":{"timestamp":"0"},"target":"_self","layout":"align-center","size":"half"}],"_secondary_highlights":[{"from":{"timestamp":"0"},"until":{"timestamp":"0"},"target":"_self"}],"_homepage_shortcuts":[{"section_shortcuts":[{"shortcut_thumbnail":{"shortcut_thumbnail_mode":"0"},"shortcut_link":{"shortcut_link_target":"_self"}}]}],"_homepage_call_to_action":{"destination_target":"_self"},"_highlights_limit":"0","_highlights_page":"","_events_limit":"4","_events_page":"","_news_limit":"4","_news_page":"","_contacts_locations_sections":[{"entries":[{"entry_thumbnail":{"entry_thumbnail_mode":"image"}}]}],"type":"","ordering":"asc","_style":"default","_past_projects_mode":"all","_past_projects_style":"default","_past_projects_limit":"","_projects":[{"style":"default"}],"_sections":[],"_network_and_partners_sections":[],"_tabbed_contents_sections":[],"_blocks":[{"block_thumbnail":{"block_thumbnail_mode":"none"},"links":[{"link_target":"_self"}]}],"_blocks_navigation":"","_latest_publications_limit":"3","_latest_publications_style":"default","_latest_publications_entries":[{"entry_type":"page"}],"_publications_highlights":[{"publication_type":"none"}],"_publications_custom":[],"_publications_filters_years":"","_publications_filters_number_of_years":"","_publications_filters_from_year":"2026","_publications_filters_until_year":"2026","_publications_filters_count":"","_sidebar":"","_outline":"","_outline_title":""},"_links":{"self":[{"href":"https:\/\/irvapp.fbk.eu\/it\/wp-json\/wp\/v2\/pages\/29857","targetHints":{"allow":["GET"]}}],"collection":[{"href":"https:\/\/irvapp.fbk.eu\/it\/wp-json\/wp\/v2\/pages"}],"about":[{"href":"https:\/\/irvapp.fbk.eu\/it\/wp-json\/wp\/v2\/types\/page"}],"author":[{"embeddable":true,"href":"https:\/\/irvapp.fbk.eu\/it\/wp-json\/wp\/v2\/users\/4"}],"replies":[{"embeddable":true,"href":"https:\/\/irvapp.fbk.eu\/it\/wp-json\/wp\/v2\/comments?post=29857"}],"version-history":[{"count":0,"href":"https:\/\/irvapp.fbk.eu\/it\/wp-json\/wp\/v2\/pages\/29857\/revisions"}],"wp:attachment":[{"href":"https:\/\/irvapp.fbk.eu\/it\/wp-json\/wp\/v2\/media?parent=29857"}],"curies":[{"name":"wp","href":"https:\/\/api.w.org\/{rel}","templated":true}]}}